














{"id":9,"date":"2026-02-11T17:16:37","date_gmt":"2026-02-11T22:16:37","guid":{"rendered":"https:\/\/cabtravelperu.com\/es\/?page_id=9"},"modified":"2026-02-20T11:04:58","modified_gmt":"2026-02-20T16:04:58","slug":"nosotros","status":"publish","type":"page","link":"https:\/\/cabtravelperu.com\/es\/nosotros\/","title":{"rendered":"Nosotros"},"content":{"rendered":"\n<p>Cab Travel Peru ofrece traslados en taxi desde y hacia el aeropuerto de Lima a precios accesibles, puntuales y seguros desde el centro de Lima, Miraflores, San Isidro, Barranco y otras zonas de Lima. Tambi\u00e9n cubrimos hoteles, Airbnb, residencias privadas y estaciones de autobuses, las 24 horas del d\u00eda, los 7 d\u00edas de la semana.<\/p>\n\n\n\n<p>Tambi\u00e9n ofrecemos traslados desde el aeropuerto de Cusco a hoteles, Airbnb, residencias privadas, la estaci\u00f3n de tren de Ollantaytambo, la ciudad de Urubamba, excursiones de medio d\u00eda y d\u00eda completo al Valle Sagrado de Cusco a la Laguna de Humantay, la Monta\u00f1a Arco\u00edris, Qeswachaca, Waqrapukara, Maras y Moray, el Valle Sur de Cusco, etc.<\/p>\n\n\n\n<p>Nuestros precios para taxis y servicios desde los aeropuertos Jorge Ch\u00e1vez de Lima y Velasco Astete de Cusco son todo incluido. No hay cargos ocultos, ni cargos adicionales por espera, estacionamiento o incluso si su vuelo, tren o crucero se retrasa. Sin trucos, sin complicaciones.<\/p>\n\n\n\n<p>\u00bfPor qu\u00e9 perder el tiempo esperando en largas e interminables colas para conseguir un taxi despu\u00e9s de un viaje agotador o, peor a\u00fan, por qu\u00e9 arriesgar su vida o la de sus seres queridos tomando un veh\u00edculo inseguro? Reserve su traslado en taxi en Per\u00fa en l\u00ednea con solo unos pocos clics, y su conductor lo estar\u00e1 esperando a su llegada. No se requiere tarjeta de cr\u00e9dito, no hay prepago, no hay cargos por cancelaci\u00f3n, \u00a1pague con PayPal!<\/p>\n\n\n\n<p>Si tiene alguna pregunta, consulte nuestra p\u00e1gina de preguntas frecuentes o p\u00f3ngase en contacto con nosotros y uno de los representantes de nuestra empresa responder\u00e1 a su pregunta o solicitud lo antes posible. Tambi\u00e9n puede ponerse en contacto con nosotros a trav\u00e9s de WhatsApp.<\/p>\n\n\n\n<p>Nuestra misi\u00f3n es proporcionar el m\u00e1s alto nivel de servicio a todos nuestros clientes en todo el mundo. Actualmente prestamos servicio en Lima, Callao (terminal de cruceros de Lima) y la zona de Cuzco. Muy pronto ampliaremos nuestra cobertura a m\u00e1s ciudades y, alg\u00fan d\u00eda, esperamos prestar servicio en todo Per\u00fa. \u00bfNecesita un taxi seguro y fiable desde el aeropuerto?<\/p>\n\n\n\n<h3 class=\"wp-block-heading has-text-align-center\"><strong>\u00abViaje a destinos felices con Cab Travel Peru\u00bb.<\/strong><\/h3>\n","protected":false},"excerpt":{"rendered":"<p>Cab Travel Peru ofrece traslados en taxi desde y hacia el aeropuerto de Lima a precios accesibles, puntuales y seguros desde el centro de Lima, Miraflores, San Isidro, Barranco y otras zonas de Lima. Tambi\u00e9n cubrimos hoteles, Airbnb, residencias privadas y estaciones de autobuses, las 24 horas del d\u00eda, los 7 d\u00edas de la semana. &#8230; <a title=\"Nosotros\" class=\"read-more\" href=\"https:\/\/cabtravelperu.com\/es\/nosotros\/\" aria-label=\"Read more about Nosotros\">Read more<\/a><\/p>\n","protected":false},"author":1,"featured_media":0,"parent":0,"menu_order":0,"comment_status":"closed","ping_status":"closed","template":"","meta":{"footnotes":""},"class_list":["post-9","page","type-page","status-publish"],"yoast_head":"<!-- This site is optimized with the Yoast SEO plugin v27.5 - https:\/\/yoast.com\/product\/yoast-seo-wordpress\/ -->\n<title>Nosotros | Cab Travel Peru<\/title>\n<meta name=\"robots\" content=\"index, follow, max-snippet:-1, max-image-preview:large, max-video-preview:-1\" \/>\n<link rel=\"canonical\" href=\"https:\/\/cabtravelperu.com\/es\/nosotros\/\" \/>\n<meta property=\"og:locale\" content=\"es_ES\" \/>\n<meta property=\"og:type\" content=\"article\" \/>\n<meta property=\"og:title\" content=\"Nosotros | Cab Travel Peru\" \/>\n<meta property=\"og:description\" content=\"Cab Travel Peru ofrece traslados en taxi desde y hacia el aeropuerto de Lima a precios accesibles, puntuales y seguros desde el centro de Lima, Miraflores, San Isidro, Barranco y otras zonas de Lima. Tambi\u00e9n cubrimos hoteles, Airbnb, residencias privadas y estaciones de autobuses, las 24 horas del d\u00eda, los 7 d\u00edas de la semana. ... Read more\" \/>\n<meta property=\"og:url\" content=\"https:\/\/cabtravelperu.com\/es\/nosotros\/\" \/>\n<meta property=\"og:site_name\" content=\"Cab Travel Peru\" \/>\n<meta property=\"article:modified_time\" content=\"2026-02-20T16:04:58+00:00\" \/>\n<meta name=\"twitter:card\" content=\"summary_large_image\" \/>\n<meta name=\"twitter:label1\" content=\"Est. reading time\" \/>\n\t<meta name=\"twitter:data1\" content=\"2 minutos\" \/>\n<script type=\"application\/ld+json\" class=\"yoast-schema-graph\">{\"@context\":\"https:\\\/\\\/schema.org\",\"@graph\":[{\"@type\":\"WebPage\",\"@id\":\"https:\\\/\\\/cabtravelperu.com\\\/es\\\/nosotros\\\/\",\"url\":\"https:\\\/\\\/cabtravelperu.com\\\/es\\\/nosotros\\\/\",\"name\":\"Nosotros | Cab Travel Peru\",\"isPartOf\":{\"@id\":\"https:\\\/\\\/cabtravelperu.com\\\/es\\\/#website\"},\"datePublished\":\"2026-02-11T22:16:37+00:00\",\"dateModified\":\"2026-02-20T16:04:58+00:00\",\"breadcrumb\":{\"@id\":\"https:\\\/\\\/cabtravelperu.com\\\/es\\\/nosotros\\\/#breadcrumb\"},\"inLanguage\":\"es-PE\",\"potentialAction\":[{\"@type\":\"ReadAction\",\"target\":[\"https:\\\/\\\/cabtravelperu.com\\\/es\\\/nosotros\\\/\"]}]},{\"@type\":\"BreadcrumbList\",\"@id\":\"https:\\\/\\\/cabtravelperu.com\\\/es\\\/nosotros\\\/#breadcrumb\",\"itemListElement\":[{\"@type\":\"ListItem\",\"position\":1,\"name\":\"Inicio\",\"item\":\"https:\\\/\\\/cabtravelperu.com\\\/es\\\/\"},{\"@type\":\"ListItem\",\"position\":2,\"name\":\"Nosotros\"}]},{\"@type\":\"WebSite\",\"@id\":\"https:\\\/\\\/cabtravelperu.com\\\/es\\\/#website\",\"url\":\"https:\\\/\\\/cabtravelperu.com\\\/es\\\/\",\"name\":\"Cab Travel Peru\",\"description\":\"\",\"publisher\":{\"@id\":\"https:\\\/\\\/cabtravelperu.com\\\/es\\\/#organization\"},\"potentialAction\":[{\"@type\":\"SearchAction\",\"target\":{\"@type\":\"EntryPoint\",\"urlTemplate\":\"https:\\\/\\\/cabtravelperu.com\\\/es\\\/?s={search_term_string}\"},\"query-input\":{\"@type\":\"PropertyValueSpecification\",\"valueRequired\":true,\"valueName\":\"search_term_string\"}}],\"inLanguage\":\"es-PE\"},{\"@type\":\"Organization\",\"@id\":\"https:\\\/\\\/cabtravelperu.com\\\/es\\\/#organization\",\"name\":\"Cab Travel Peru\",\"url\":\"https:\\\/\\\/cabtravelperu.com\\\/es\\\/\",\"logo\":{\"@type\":\"ImageObject\",\"inLanguage\":\"es-PE\",\"@id\":\"https:\\\/\\\/cabtravelperu.com\\\/es\\\/#\\\/schema\\\/logo\\\/image\\\/\",\"url\":\"https:\\\/\\\/cabtravelperu.com\\\/es\\\/wp-content\\\/uploads\\\/2026\\\/02\\\/Logo-Cab-Travel.png\",\"contentUrl\":\"https:\\\/\\\/cabtravelperu.com\\\/es\\\/wp-content\\\/uploads\\\/2026\\\/02\\\/Logo-Cab-Travel.png\",\"width\":2480,\"height\":1036,\"caption\":\"Cab Travel Peru\"},\"image\":{\"@id\":\"https:\\\/\\\/cabtravelperu.com\\\/es\\\/#\\\/schema\\\/logo\\\/image\\\/\"}}]}<\/script>\n<!-- \/ Yoast SEO plugin. -->","yoast_head_json":{"title":"Nosotros | Cab Travel Peru","robots":{"index":"index","follow":"follow","max-snippet":"max-snippet:-1","max-image-preview":"max-image-preview:large","max-video-preview":"max-video-preview:-1"},"canonical":"https:\/\/cabtravelperu.com\/es\/nosotros\/","og_locale":"es_ES","og_type":"article","og_title":"Nosotros | Cab Travel Peru","og_description":"Cab Travel Peru ofrece traslados en taxi desde y hacia el aeropuerto de Lima a precios accesibles, puntuales y seguros desde el centro de Lima, Miraflores, San Isidro, Barranco y otras zonas de Lima. Tambi\u00e9n cubrimos hoteles, Airbnb, residencias privadas y estaciones de autobuses, las 24 horas del d\u00eda, los 7 d\u00edas de la semana. ... Read more","og_url":"https:\/\/cabtravelperu.com\/es\/nosotros\/","og_site_name":"Cab Travel Peru","article_modified_time":"2026-02-20T16:04:58+00:00","twitter_card":"summary_large_image","twitter_misc":{"Est. reading time":"2 minutos"},"schema":{"@context":"https:\/\/schema.org","@graph":[{"@type":"WebPage","@id":"https:\/\/cabtravelperu.com\/es\/nosotros\/","url":"https:\/\/cabtravelperu.com\/es\/nosotros\/","name":"Nosotros | Cab Travel Peru","isPartOf":{"@id":"https:\/\/cabtravelperu.com\/es\/#website"},"datePublished":"2026-02-11T22:16:37+00:00","dateModified":"2026-02-20T16:04:58+00:00","breadcrumb":{"@id":"https:\/\/cabtravelperu.com\/es\/nosotros\/#breadcrumb"},"inLanguage":"es-PE","potentialAction":[{"@type":"ReadAction","target":["https:\/\/cabtravelperu.com\/es\/nosotros\/"]}]},{"@type":"BreadcrumbList","@id":"https:\/\/cabtravelperu.com\/es\/nosotros\/#breadcrumb","itemListElement":[{"@type":"ListItem","position":1,"name":"Inicio","item":"https:\/\/cabtravelperu.com\/es\/"},{"@type":"ListItem","position":2,"name":"Nosotros"}]},{"@type":"WebSite","@id":"https:\/\/cabtravelperu.com\/es\/#website","url":"https:\/\/cabtravelperu.com\/es\/","name":"Cab Travel Peru","description":"","publisher":{"@id":"https:\/\/cabtravelperu.com\/es\/#organization"},"potentialAction":[{"@type":"SearchAction","target":{"@type":"EntryPoint","urlTemplate":"https:\/\/cabtravelperu.com\/es\/?s={search_term_string}"},"query-input":{"@type":"PropertyValueSpecification","valueRequired":true,"valueName":"search_term_string"}}],"inLanguage":"es-PE"},{"@type":"Organization","@id":"https:\/\/cabtravelperu.com\/es\/#organization","name":"Cab Travel Peru","url":"https:\/\/cabtravelperu.com\/es\/","logo":{"@type":"ImageObject","inLanguage":"es-PE","@id":"https:\/\/cabtravelperu.com\/es\/#\/schema\/logo\/image\/","url":"https:\/\/cabtravelperu.com\/es\/wp-content\/uploads\/2026\/02\/Logo-Cab-Travel.png","contentUrl":"https:\/\/cabtravelperu.com\/es\/wp-content\/uploads\/2026\/02\/Logo-Cab-Travel.png","width":2480,"height":1036,"caption":"Cab Travel Peru"},"image":{"@id":"https:\/\/cabtravelperu.com\/es\/#\/schema\/logo\/image\/"}}]}},"_hostinger_reach_plugin_has_subscription_block":false,"_hostinger_reach_plugin_is_elementor":false,"_links":{"self":[{"href":"https:\/\/cabtravelperu.com\/es\/wp-json\/wp\/v2\/pages\/9","targetHints":{"allow":["GET"]}}],"collection":[{"href":"https:\/\/cabtravelperu.com\/es\/wp-json\/wp\/v2\/pages"}],"about":[{"href":"https:\/\/cabtravelperu.com\/es\/wp-json\/wp\/v2\/types\/page"}],"author":[{"embeddable":true,"href":"https:\/\/cabtravelperu.com\/es\/wp-json\/wp\/v2\/users\/1"}],"replies":[{"embeddable":true,"href":"https:\/\/cabtravelperu.com\/es\/wp-json\/wp\/v2\/comments?post=9"}],"version-history":[{"count":2,"href":"https:\/\/cabtravelperu.com\/es\/wp-json\/wp\/v2\/pages\/9\/revisions"}],"predecessor-version":[{"id":206,"href":"https:\/\/cabtravelperu.com\/es\/wp-json\/wp\/v2\/pages\/9\/revisions\/206"}],"wp:attachment":[{"href":"https:\/\/cabtravelperu.com\/es\/wp-json\/wp\/v2\/media?parent=9"}],"curies":[{"name":"wp","href":"https:\/\/api.w.org\/{rel}","templated":true}]}}